{"id":6453,"date":"2022-10-14T06:42:39","date_gmt":"2022-10-14T06:42:39","guid":{"rendered":"https:\/\/auro-cuines.com\/?page_id=6453"},"modified":"2022-10-26T12:04:48","modified_gmt":"2022-10-26T12:04:48","slug":"matimex-barcelona-showroom","status":"publish","type":"page","link":"https:\/\/auro-cuines.com\/ca\/matimex-barcelona-showroom\/","title":{"rendered":"Matimex Barcelona Showroom"},"content":{"rendered":"<p>Matimex Barcelona es una realitat.<\/p>\n<p><img fetchpriority=\"high\" decoding=\"async\" class=\"aligncenter size-large wp-image-6454\" src=\"https:\/\/auro-cuines.com\/wp-content\/uploads\/RENO4440-825x550.jpg\" alt=\"\" width=\"825\" height=\"550\" srcset=\"https:\/\/auro-cuines.com\/wp-content\/uploads\/RENO4440-825x550.jpg 825w, https:\/\/auro-cuines.com\/wp-content\/uploads\/RENO4440-300x200.jpg 300w, https:\/\/auro-cuines.com\/wp-content\/uploads\/RENO4440-768x512.jpg 768w, https:\/\/auro-cuines.com\/wp-content\/uploads\/RENO4440.jpg 1500w\" sizes=\"(max-width: 825px) 100vw, 825px\" \/><\/p>\n<p>Aur\u00f3 Kitchens ha protagonitzat la sala principal d&#8217;aquest espai exclusiu, amb una proposta elegant i funcional. Mineral, Fusta i Metall: Els elements b\u00e0sics es donen la m\u00e0 en aquest exclusiu projecte on l&#8217;alt disseny busca una encertada i disruptiva trobada amb els amants dels espais sofisticats.<\/p>\n<p><img decoding=\"async\" class=\"aligncenter size-large wp-image-6456\" src=\"https:\/\/auro-cuines.com\/wp-content\/uploads\/RENO4433-825x550.jpg\" alt=\"\" width=\"825\" height=\"550\" srcset=\"https:\/\/auro-cuines.com\/wp-content\/uploads\/RENO4433-825x550.jpg 825w, https:\/\/auro-cuines.com\/wp-content\/uploads\/RENO4433-300x200.jpg 300w, https:\/\/auro-cuines.com\/wp-content\/uploads\/RENO4433-768x512.jpg 768w, https:\/\/auro-cuines.com\/wp-content\/uploads\/RENO4433.jpg 1500w\" sizes=\"(max-width: 825px) 100vw, 825px\" \/><\/p>\n<p><img decoding=\"async\" class=\"aligncenter size-large wp-image-6457\" src=\"https:\/\/auro-cuines.com\/wp-content\/uploads\/RENO4437-825x550.jpg\" alt=\"\" width=\"825\" height=\"550\" srcset=\"https:\/\/auro-cuines.com\/wp-content\/uploads\/RENO4437-825x550.jpg 825w, https:\/\/auro-cuines.com\/wp-content\/uploads\/RENO4437-300x200.jpg 300w, https:\/\/auro-cuines.com\/wp-content\/uploads\/RENO4437-768x512.jpg 768w, https:\/\/auro-cuines.com\/wp-content\/uploads\/RENO4437.jpg 1500w\" sizes=\"(max-width: 825px) 100vw, 825px\" \/><\/p>\n<p><img loading=\"lazy\" decoding=\"async\" class=\"aligncenter size-large wp-image-6458\" src=\"https:\/\/auro-cuines.com\/wp-content\/uploads\/RENO4452-825x550.jpg\" alt=\"\" width=\"825\" height=\"550\" srcset=\"https:\/\/auro-cuines.com\/wp-content\/uploads\/RENO4452-825x550.jpg 825w, https:\/\/auro-cuines.com\/wp-content\/uploads\/RENO4452-300x200.jpg 300w, https:\/\/auro-cuines.com\/wp-content\/uploads\/RENO4452-768x512.jpg 768w, https:\/\/auro-cuines.com\/wp-content\/uploads\/RENO4452.jpg 1500w\" sizes=\"(max-width: 825px) 100vw, 825px\" \/><\/p>\n<p><img loading=\"lazy\" decoding=\"async\" class=\"aligncenter size-large wp-image-6459\" src=\"https:\/\/auro-cuines.com\/wp-content\/uploads\/RENO4455-825x550.jpg\" alt=\"\" width=\"825\" height=\"550\" srcset=\"https:\/\/auro-cuines.com\/wp-content\/uploads\/RENO4455-825x550.jpg 825w, https:\/\/auro-cuines.com\/wp-content\/uploads\/RENO4455-300x200.jpg 300w, https:\/\/auro-cuines.com\/wp-content\/uploads\/RENO4455-768x512.jpg 768w, https:\/\/auro-cuines.com\/wp-content\/uploads\/RENO4455.jpg 1500w\" sizes=\"(max-width: 825px) 100vw, 825px\" \/><\/p>\n<p><img loading=\"lazy\" decoding=\"async\" class=\"aligncenter size-large wp-image-6460\" src=\"https:\/\/auro-cuines.com\/wp-content\/uploads\/RENO4458-825x550.jpg\" alt=\"\" width=\"825\" height=\"550\" srcset=\"https:\/\/auro-cuines.com\/wp-content\/uploads\/RENO4458-825x550.jpg 825w, https:\/\/auro-cuines.com\/wp-content\/uploads\/RENO4458-300x200.jpg 300w, https:\/\/auro-cuines.com\/wp-content\/uploads\/RENO4458-768x512.jpg 768w, https:\/\/auro-cuines.com\/wp-content\/uploads\/RENO4458.jpg 1500w\" sizes=\"(max-width: 825px) 100vw, 825px\" \/><\/p>\n<p><img loading=\"lazy\" decoding=\"async\" class=\"aligncenter size-large wp-image-6461\" src=\"https:\/\/auro-cuines.com\/wp-content\/uploads\/RENO4461-825x550.jpg\" alt=\"\" width=\"825\" height=\"550\" srcset=\"https:\/\/auro-cuines.com\/wp-content\/uploads\/RENO4461-825x550.jpg 825w, https:\/\/auro-cuines.com\/wp-content\/uploads\/RENO4461-300x200.jpg 300w, https:\/\/auro-cuines.com\/wp-content\/uploads\/RENO4461-768x512.jpg 768w, https:\/\/auro-cuines.com\/wp-content\/uploads\/RENO4461.jpg 1500w\" sizes=\"(max-width: 825px) 100vw, 825px\" \/><\/p>\n<p>\u00c9s un espai adre\u00e7at a professionals per escollir materials del grup Iris Ceramica Group, distribu\u00eft a Espanya per Matimex, tot un referent en cer\u00e0mica. El Flagship Showroom Barcelona d&#8217;aquesta firma enfoca aquest espai a arquitectes i interioristes per a projectes residencials, hostaleria o contract.<\/p>\n<p><img loading=\"lazy\" decoding=\"async\" class=\"aligncenter size-large wp-image-6462\" src=\"https:\/\/auro-cuines.com\/wp-content\/uploads\/RENO4583-825x550.jpg\" alt=\"\" width=\"825\" height=\"550\" srcset=\"https:\/\/auro-cuines.com\/wp-content\/uploads\/RENO4583-825x550.jpg 825w, https:\/\/auro-cuines.com\/wp-content\/uploads\/RENO4583-300x200.jpg 300w, https:\/\/auro-cuines.com\/wp-content\/uploads\/RENO4583-768x512.jpg 768w, https:\/\/auro-cuines.com\/wp-content\/uploads\/RENO4583.jpg 1500w\" sizes=\"(max-width: 825px) 100vw, 825px\" \/><\/p>\n<p>\u00c9s per aix\u00f2 que l&#8217;alian\u00e7a Aur\u00f3 Projects &amp; Matimex ha estat una aposta que la nostra companyia s&#8217;enorgulleix d&#8217;abordar.<\/p>\n<p>Aur\u00f3 Projects \u00e9s la l\u00ednia de negoci d&#8217;Aur\u00f3 Kitchens, on dirigim tots els nostres esfor\u00e7os en projectes integrals de cuines, banys, armaris i altres estances per completar projectes complets, incloent la cer\u00e0mica del grup Matimex, i compartint target al sector de l&#8217;arquitectura i el disseny d&#8217;interiors<\/p>\n<p>.<\/p>\n<p><img loading=\"lazy\" decoding=\"async\" class=\"aligncenter size-full wp-image-6455\" src=\"https:\/\/auro-cuines.com\/wp-content\/uploads\/UQCMLJKD3VBM7PFVPP3YZKBLNA.jpg.webp\" alt=\"\" width=\"600\" height=\"400\" srcset=\"https:\/\/auro-cuines.com\/wp-content\/uploads\/UQCMLJKD3VBM7PFVPP3YZKBLNA.jpg.webp 600w, https:\/\/auro-cuines.com\/wp-content\/uploads\/UQCMLJKD3VBM7PFVPP3YZKBLNA.jpg-300x200.webp 300w\" sizes=\"(max-width: 600px) 100vw, 600px\" \/><\/p>\n<p>El nou showroom \u00e9s al m\u00edtic edifici Garden, d&#8217;Avinguda Diagonal 662 de Barcelona. Estarem encantats d&#8217;atendre&#8217;l amb cites privades i concertades al cor de la ciutat<\/p>\n<div class='clear '><\/div><\/div>","protected":false},"excerpt":{"rendered":"<p>Matimex Barcelona es una realitat. Aur&oacute; Kitchens ha protagonitzat la sala principal d&rsquo;aquest espai exclusiu, amb una proposta elegant i funcional. Mineral, Fusta i Metall: Els elements b&agrave;sics es donen la m&agrave; en aquest exclusiu projecte on l&rsquo;alt disseny busca una encertada i disruptiva trobada amb els amants dels espais sofisticats. &Eacute;s un espai adre&ccedil;at [&hellip;]<\/p>\n","protected":false},"author":1,"featured_media":0,"parent":0,"menu_order":0,"comment_status":"closed","ping_status":"closed","template":"","meta":{"_genesis_hide_title":false,"_genesis_hide_breadcrumbs":false,"_genesis_hide_singular_image":false,"_genesis_hide_footer_widgets":false,"_genesis_custom_body_class":"","_genesis_custom_post_class":"","_genesis_layout":"","footnotes":""},"class_list":{"0":"post-6453","1":"page","2":"type-page","3":"status-publish","5":"entry","6":"has-post-thumbnail"},"aioseo_notices":[],"_links":{"self":[{"href":"https:\/\/auro-cuines.com\/ca\/wp-json\/wp\/v2\/pages\/6453","targetHints":{"allow":["GET"]}}],"collection":[{"href":"https:\/\/auro-cuines.com\/ca\/wp-json\/wp\/v2\/pages"}],"about":[{"href":"https:\/\/auro-cuines.com\/ca\/wp-json\/wp\/v2\/types\/page"}],"author":[{"embeddable":true,"href":"https:\/\/auro-cuines.com\/ca\/wp-json\/wp\/v2\/users\/1"}],"replies":[{"embeddable":true,"href":"https:\/\/auro-cuines.com\/ca\/wp-json\/wp\/v2\/comments?post=6453"}],"version-history":[{"count":1,"href":"https:\/\/auro-cuines.com\/ca\/wp-json\/wp\/v2\/pages\/6453\/revisions"}],"predecessor-version":[{"id":6635,"href":"https:\/\/auro-cuines.com\/ca\/wp-json\/wp\/v2\/pages\/6453\/revisions\/6635"}],"wp:attachment":[{"href":"https:\/\/auro-cuines.com\/ca\/wp-json\/wp\/v2\/media?parent=6453"}],"curies":[{"name":"wp","href":"https:\/\/api.w.org\/{rel}","templated":true}]}}