{"id":2767,"date":"2020-08-22T16:21:32","date_gmt":"2020-08-22T16:21:32","guid":{"rendered":"http:\/\/auro-cuines.com\/?page_id=2767"},"modified":"2022-10-26T13:48:01","modified_gmt":"2022-10-26T13:48:01","slug":"marcas","status":"publish","type":"page","link":"https:\/\/auro-cuines.com\/ca\/marcas\/","title":{"rendered":"Marques"},"content":{"rendered":"<p>LES NOSTRES MARQUES &#8211;<\/p>\n<p>Aur\u00f3 Kitchens et garantitza uns est\u00e0ndards de m\u00e0xima qualitat en cuines. Els nostres fabricats son cuidats fins a l&#8217;\u00faltim detall i tots els processos estan controlats pel nostre equip de professionals.<\/p>\n<p>Les marques que representem a continuaci\u00f3 s\u00f3n una selecci\u00f3 de les millors i m\u00e9s exigents f\u00e0briques al m\u00f3n, que es fusionen a la perfecci\u00f3 amb la nostra visi\u00f3 i valors.<\/p>\n<p>&nbsp;<\/p>\n<p><img fetchpriority=\"high\" decoding=\"async\" class=\"alignnone size-medium wp-image-2812\" src=\"http:\/\/auro-cuines.com\/wp-content\/uploads\/LOGO-BORA-300x300.jpg\" alt=\"\" width=\"300\" height=\"300\" srcset=\"https:\/\/auro-cuines.com\/wp-content\/uploads\/LOGO-BORA-300x300.jpg 300w, https:\/\/auro-cuines.com\/wp-content\/uploads\/LOGO-BORA-550x550.jpg 550w, https:\/\/auro-cuines.com\/wp-content\/uploads\/LOGO-BORA-200x200.jpg 200w, https:\/\/auro-cuines.com\/wp-content\/uploads\/LOGO-BORA-768x768.jpg 768w, https:\/\/auro-cuines.com\/wp-content\/uploads\/LOGO-BORA.jpg 1500w\" sizes=\"(max-width: 300px) 100vw, 300px\" \/> <img decoding=\"async\" class=\"alignnone size-medium wp-image-2808\" src=\"http:\/\/auro-cuines.com\/wp-content\/uploads\/logo-gaggenau-300x300.jpg\" alt=\"\" width=\"300\" height=\"300\" srcset=\"https:\/\/auro-cuines.com\/wp-content\/uploads\/logo-gaggenau-300x300.jpg 300w, https:\/\/auro-cuines.com\/wp-content\/uploads\/logo-gaggenau-550x550.jpg 550w, https:\/\/auro-cuines.com\/wp-content\/uploads\/logo-gaggenau-200x200.jpg 200w, https:\/\/auro-cuines.com\/wp-content\/uploads\/logo-gaggenau-768x768.jpg 768w, https:\/\/auro-cuines.com\/wp-content\/uploads\/logo-gaggenau.jpg 1500w\" sizes=\"(max-width: 300px) 100vw, 300px\" \/> <img decoding=\"async\" class=\"alignnone size-medium wp-image-2802\" src=\"http:\/\/auro-cuines.com\/wp-content\/uploads\/MIELE-300x300.jpg\" alt=\"\" width=\"300\" height=\"300\" srcset=\"https:\/\/auro-cuines.com\/wp-content\/uploads\/MIELE-300x300.jpg 300w, https:\/\/auro-cuines.com\/wp-content\/uploads\/MIELE-550x550.jpg 550w, https:\/\/auro-cuines.com\/wp-content\/uploads\/MIELE-200x200.jpg 200w, https:\/\/auro-cuines.com\/wp-content\/uploads\/MIELE-768x768.jpg 768w, https:\/\/auro-cuines.com\/wp-content\/uploads\/MIELE.jpg 1500w\" sizes=\"(max-width: 300px) 100vw, 300px\" \/><img loading=\"lazy\" decoding=\"async\" class=\"alignnone wp-image-6626 size-medium\" src=\"https:\/\/auro-cuines.com\/wp-content\/uploads\/quooker-300x300.jpg\" alt=\"\" width=\"300\" height=\"300\" srcset=\"https:\/\/auro-cuines.com\/wp-content\/uploads\/quooker-300x300.jpg 300w, https:\/\/auro-cuines.com\/wp-content\/uploads\/quooker-550x550.jpg 550w, https:\/\/auro-cuines.com\/wp-content\/uploads\/quooker-200x200.jpg 200w, https:\/\/auro-cuines.com\/wp-content\/uploads\/quooker-768x768.jpg 768w, https:\/\/auro-cuines.com\/wp-content\/uploads\/quooker.jpg 1500w\" sizes=\"(max-width: 300px) 100vw, 300px\" \/> <img loading=\"lazy\" decoding=\"async\" class=\"alignnone size-medium wp-image-2804\" src=\"http:\/\/auro-cuines.com\/wp-content\/uploads\/LIEBHERR-300x300.jpg\" alt=\"\" width=\"300\" height=\"300\" srcset=\"https:\/\/auro-cuines.com\/wp-content\/uploads\/LIEBHERR-300x300.jpg 300w, https:\/\/auro-cuines.com\/wp-content\/uploads\/LIEBHERR-550x550.jpg 550w, https:\/\/auro-cuines.com\/wp-content\/uploads\/LIEBHERR-200x200.jpg 200w, https:\/\/auro-cuines.com\/wp-content\/uploads\/LIEBHERR-768x768.jpg 768w, https:\/\/auro-cuines.com\/wp-content\/uploads\/LIEBHERR.jpg 1500w\" sizes=\"(max-width: 300px) 100vw, 300px\" \/> <img loading=\"lazy\" decoding=\"async\" class=\"alignnone size-medium wp-image-2797\" src=\"http:\/\/auro-cuines.com\/wp-content\/uploads\/sub-zero_wolf-300x300.jpg\" alt=\"\" width=\"300\" height=\"300\" srcset=\"https:\/\/auro-cuines.com\/wp-content\/uploads\/sub-zero_wolf-300x300.jpg 300w, https:\/\/auro-cuines.com\/wp-content\/uploads\/sub-zero_wolf-550x550.jpg 550w, https:\/\/auro-cuines.com\/wp-content\/uploads\/sub-zero_wolf-200x200.jpg 200w, https:\/\/auro-cuines.com\/wp-content\/uploads\/sub-zero_wolf-768x768.jpg 768w, https:\/\/auro-cuines.com\/wp-content\/uploads\/sub-zero_wolf.jpg 1500w\" sizes=\"(max-width: 300px) 100vw, 300px\" \/><img loading=\"lazy\" decoding=\"async\" class=\"alignnone size-medium wp-image-2800\" src=\"http:\/\/auro-cuines.com\/wp-content\/uploads\/NEOLITH-300x300.jpg\" alt=\"\" width=\"300\" height=\"300\" srcset=\"https:\/\/auro-cuines.com\/wp-content\/uploads\/NEOLITH-300x300.jpg 300w, https:\/\/auro-cuines.com\/wp-content\/uploads\/NEOLITH-550x550.jpg 550w, https:\/\/auro-cuines.com\/wp-content\/uploads\/NEOLITH-200x200.jpg 200w, https:\/\/auro-cuines.com\/wp-content\/uploads\/NEOLITH-768x768.jpg 768w, https:\/\/auro-cuines.com\/wp-content\/uploads\/NEOLITH.jpg 1500w\" sizes=\"(max-width: 300px) 100vw, 300px\" \/> <img loading=\"lazy\" decoding=\"async\" class=\"alignnone size-medium wp-image-2795\" src=\"http:\/\/auro-cuines.com\/wp-content\/uploads\/DEKTON-300x300.jpg\" alt=\"\" width=\"300\" height=\"300\" srcset=\"https:\/\/auro-cuines.com\/wp-content\/uploads\/DEKTON-300x300.jpg 300w, https:\/\/auro-cuines.com\/wp-content\/uploads\/DEKTON-550x550.jpg 550w, https:\/\/auro-cuines.com\/wp-content\/uploads\/DEKTON-200x200.jpg 200w, https:\/\/auro-cuines.com\/wp-content\/uploads\/DEKTON-768x768.jpg 768w, https:\/\/auro-cuines.com\/wp-content\/uploads\/DEKTON.jpg 1500w\" sizes=\"(max-width: 300px) 100vw, 300px\" \/> <img loading=\"lazy\" decoding=\"async\" class=\"alignnone size-medium wp-image-2793\" src=\"http:\/\/auro-cuines.com\/wp-content\/uploads\/SAPIENSTONE-300x300.jpg\" alt=\"\" width=\"300\" height=\"300\" srcset=\"https:\/\/auro-cuines.com\/wp-content\/uploads\/SAPIENSTONE-300x300.jpg 300w, https:\/\/auro-cuines.com\/wp-content\/uploads\/SAPIENSTONE-550x550.jpg 550w, https:\/\/auro-cuines.com\/wp-content\/uploads\/SAPIENSTONE-200x200.jpg 200w, https:\/\/auro-cuines.com\/wp-content\/uploads\/SAPIENSTONE-768x768.jpg 768w, https:\/\/auro-cuines.com\/wp-content\/uploads\/SAPIENSTONE.jpg 1500w\" sizes=\"(max-width: 300px) 100vw, 300px\" \/> <img loading=\"lazy\" decoding=\"async\" class=\"alignnone size-medium wp-image-2794\" src=\"http:\/\/auro-cuines.com\/wp-content\/uploads\/LAPITEC-300x300.jpg\" alt=\"\" width=\"300\" height=\"300\" srcset=\"https:\/\/auro-cuines.com\/wp-content\/uploads\/LAPITEC-300x300.jpg 300w, https:\/\/auro-cuines.com\/wp-content\/uploads\/LAPITEC-550x550.jpg 550w, https:\/\/auro-cuines.com\/wp-content\/uploads\/LAPITEC-200x200.jpg 200w, https:\/\/auro-cuines.com\/wp-content\/uploads\/LAPITEC-768x768.jpg 768w, https:\/\/auro-cuines.com\/wp-content\/uploads\/LAPITEC.jpg 1500w\" sizes=\"(max-width: 300px) 100vw, 300px\" \/> <img loading=\"lazy\" decoding=\"async\" class=\"alignnone size-medium wp-image-2796\" src=\"http:\/\/auro-cuines.com\/wp-content\/uploads\/LAMINAM-300x300.jpg\" alt=\"\" width=\"300\" height=\"300\" srcset=\"https:\/\/auro-cuines.com\/wp-content\/uploads\/LAMINAM-300x300.jpg 300w, https:\/\/auro-cuines.com\/wp-content\/uploads\/LAMINAM-550x550.jpg 550w, https:\/\/auro-cuines.com\/wp-content\/uploads\/LAMINAM-200x200.jpg 200w, https:\/\/auro-cuines.com\/wp-content\/uploads\/LAMINAM-768x768.jpg 768w, https:\/\/auro-cuines.com\/wp-content\/uploads\/LAMINAM.jpg 1500w\" sizes=\"(max-width: 300px) 100vw, 300px\" \/> <img loading=\"lazy\" decoding=\"async\" class=\"alignnone size-medium wp-image-2806\" src=\"http:\/\/auro-cuines.com\/wp-content\/uploads\/INALCO-300x300.jpg\" alt=\"\" width=\"300\" height=\"300\" srcset=\"https:\/\/auro-cuines.com\/wp-content\/uploads\/INALCO-300x300.jpg 300w, https:\/\/auro-cuines.com\/wp-content\/uploads\/INALCO-550x550.jpg 550w, https:\/\/auro-cuines.com\/wp-content\/uploads\/INALCO-200x200.jpg 200w, https:\/\/auro-cuines.com\/wp-content\/uploads\/INALCO-768x768.jpg 768w, https:\/\/auro-cuines.com\/wp-content\/uploads\/INALCO.jpg 1500w\" sizes=\"(max-width: 300px) 100vw, 300px\" \/><img loading=\"lazy\" decoding=\"async\" class=\"alignnone size-medium wp-image-2811\" src=\"http:\/\/auro-cuines.com\/wp-content\/uploads\/BLANCO-300x300.jpg\" alt=\"\" width=\"300\" height=\"300\" srcset=\"https:\/\/auro-cuines.com\/wp-content\/uploads\/BLANCO-300x300.jpg 300w, https:\/\/auro-cuines.com\/wp-content\/uploads\/BLANCO-550x550.jpg 550w, https:\/\/auro-cuines.com\/wp-content\/uploads\/BLANCO-200x200.jpg 200w, https:\/\/auro-cuines.com\/wp-content\/uploads\/BLANCO-768x768.jpg 768w, https:\/\/auro-cuines.com\/wp-content\/uploads\/BLANCO.jpg 1500w\" sizes=\"(max-width: 300px) 100vw, 300px\" \/> <img loading=\"lazy\" decoding=\"async\" class=\"alignnone size-medium wp-image-2809\" src=\"http:\/\/auro-cuines.com\/wp-content\/uploads\/CEA-300x300.jpg\" alt=\"\" width=\"300\" height=\"300\" srcset=\"https:\/\/auro-cuines.com\/wp-content\/uploads\/CEA-300x300.jpg 300w, https:\/\/auro-cuines.com\/wp-content\/uploads\/CEA-550x550.jpg 550w, https:\/\/auro-cuines.com\/wp-content\/uploads\/CEA-200x200.jpg 200w, https:\/\/auro-cuines.com\/wp-content\/uploads\/CEA-768x768.jpg 768w, https:\/\/auro-cuines.com\/wp-content\/uploads\/CEA.jpg 1500w\" sizes=\"(max-width: 300px) 100vw, 300px\" \/> <img loading=\"lazy\" decoding=\"async\" class=\"alignnone size-medium wp-image-2791\" src=\"http:\/\/auro-cuines.com\/wp-content\/uploads\/GESSI-copia-300x300.jpg\" alt=\"\" width=\"300\" height=\"300\" srcset=\"https:\/\/auro-cuines.com\/wp-content\/uploads\/GESSI-copia-300x300.jpg 300w, https:\/\/auro-cuines.com\/wp-content\/uploads\/GESSI-copia-550x550.jpg 550w, https:\/\/auro-cuines.com\/wp-content\/uploads\/GESSI-copia-200x200.jpg 200w, https:\/\/auro-cuines.com\/wp-content\/uploads\/GESSI-copia-768x768.jpg 768w, https:\/\/auro-cuines.com\/wp-content\/uploads\/GESSI-copia.jpg 1500w\" sizes=\"(max-width: 300px) 100vw, 300px\" \/> <img loading=\"lazy\" decoding=\"async\" class=\"alignnone size-medium wp-image-2789\" src=\"http:\/\/auro-cuines.com\/wp-content\/uploads\/logo_MGS-300x300.jpg\" alt=\"\" width=\"300\" height=\"300\" srcset=\"https:\/\/auro-cuines.com\/wp-content\/uploads\/logo_MGS-300x300.jpg 300w, https:\/\/auro-cuines.com\/wp-content\/uploads\/logo_MGS-550x550.jpg 550w, https:\/\/auro-cuines.com\/wp-content\/uploads\/logo_MGS-200x200.jpg 200w, https:\/\/auro-cuines.com\/wp-content\/uploads\/logo_MGS-768x768.jpg 768w, https:\/\/auro-cuines.com\/wp-content\/uploads\/logo_MGS.jpg 1500w\" sizes=\"(max-width: 300px) 100vw, 300px\" \/> <img loading=\"lazy\" decoding=\"async\" class=\"alignnone size-medium wp-image-2787\" src=\"http:\/\/auro-cuines.com\/wp-content\/uploads\/JOSPER-copia-300x300.jpg\" alt=\"\" width=\"300\" height=\"300\" srcset=\"https:\/\/auro-cuines.com\/wp-content\/uploads\/JOSPER-copia-300x300.jpg 300w, https:\/\/auro-cuines.com\/wp-content\/uploads\/JOSPER-copia-550x550.jpg 550w, https:\/\/auro-cuines.com\/wp-content\/uploads\/JOSPER-copia-200x200.jpg 200w, https:\/\/auro-cuines.com\/wp-content\/uploads\/JOSPER-copia-768x768.jpg 768w, https:\/\/auro-cuines.com\/wp-content\/uploads\/JOSPER-copia.jpg 1500w\" sizes=\"(max-width: 300px) 100vw, 300px\" \/> <img loading=\"lazy\" decoding=\"async\" class=\"alignnone size-medium wp-image-2786\" src=\"http:\/\/auro-cuines.com\/wp-content\/uploads\/la-cornue-300x300.jpg\" alt=\"\" width=\"300\" height=\"300\" srcset=\"https:\/\/auro-cuines.com\/wp-content\/uploads\/la-cornue-300x300.jpg 300w, https:\/\/auro-cuines.com\/wp-content\/uploads\/la-cornue-550x550.jpg 550w, https:\/\/auro-cuines.com\/wp-content\/uploads\/la-cornue-200x200.jpg 200w, https:\/\/auro-cuines.com\/wp-content\/uploads\/la-cornue-768x768.jpg 768w, https:\/\/auro-cuines.com\/wp-content\/uploads\/la-cornue.jpg 1500w\" sizes=\"(max-width: 300px) 100vw, 300px\" \/> <img loading=\"lazy\" decoding=\"async\" class=\"alignnone size-medium wp-image-2785\" src=\"http:\/\/auro-cuines.com\/wp-content\/uploads\/GULLO-300x300.jpg\" alt=\"\" width=\"300\" height=\"300\" srcset=\"https:\/\/auro-cuines.com\/wp-content\/uploads\/GULLO-300x300.jpg 300w, https:\/\/auro-cuines.com\/wp-content\/uploads\/GULLO-550x550.jpg 550w, https:\/\/auro-cuines.com\/wp-content\/uploads\/GULLO-200x200.jpg 200w, https:\/\/auro-cuines.com\/wp-content\/uploads\/GULLO-768x768.jpg 768w, https:\/\/auro-cuines.com\/wp-content\/uploads\/GULLO.jpg 1500w\" sizes=\"(max-width: 300px) 100vw, 300px\" \/> <img loading=\"lazy\" decoding=\"async\" class=\"alignnone size-medium wp-image-2784\" src=\"http:\/\/auro-cuines.com\/wp-content\/uploads\/PITT-copia-300x300.jpg\" alt=\"\" width=\"300\" height=\"300\" srcset=\"https:\/\/auro-cuines.com\/wp-content\/uploads\/PITT-copia-300x300.jpg 300w, https:\/\/auro-cuines.com\/wp-content\/uploads\/PITT-copia-550x550.jpg 550w, https:\/\/auro-cuines.com\/wp-content\/uploads\/PITT-copia-200x200.jpg 200w, https:\/\/auro-cuines.com\/wp-content\/uploads\/PITT-copia-768x768.jpg 768w, https:\/\/auro-cuines.com\/wp-content\/uploads\/PITT-copia.jpg 1500w\" sizes=\"(max-width: 300px) 100vw, 300px\" \/> <img loading=\"lazy\" decoding=\"async\" class=\"alignnone size-medium wp-image-2792\" src=\"http:\/\/auro-cuines.com\/wp-content\/uploads\/BARAZZA-300x300.jpg\" alt=\"\" width=\"300\" height=\"300\" srcset=\"https:\/\/auro-cuines.com\/wp-content\/uploads\/BARAZZA-300x300.jpg 300w, https:\/\/auro-cuines.com\/wp-content\/uploads\/BARAZZA-550x550.jpg 550w, https:\/\/auro-cuines.com\/wp-content\/uploads\/BARAZZA-200x200.jpg 200w, https:\/\/auro-cuines.com\/wp-content\/uploads\/BARAZZA-768x768.jpg 768w, https:\/\/auro-cuines.com\/wp-content\/uploads\/BARAZZA.jpg 1500w\" sizes=\"(max-width: 300px) 100vw, 300px\" \/> <img loading=\"lazy\" decoding=\"async\" class=\"alignnone size-medium wp-image-2790\" src=\"http:\/\/auro-cuines.com\/wp-content\/uploads\/FULGOR-300x300.jpg\" alt=\"\" width=\"300\" height=\"300\" srcset=\"https:\/\/auro-cuines.com\/wp-content\/uploads\/FULGOR-300x300.jpg 300w, https:\/\/auro-cuines.com\/wp-content\/uploads\/FULGOR-550x550.jpg 550w, https:\/\/auro-cuines.com\/wp-content\/uploads\/FULGOR-200x200.jpg 200w, https:\/\/auro-cuines.com\/wp-content\/uploads\/FULGOR-768x768.jpg 768w, https:\/\/auro-cuines.com\/wp-content\/uploads\/FULGOR.jpg 1500w\" sizes=\"(max-width: 300px) 100vw, 300px\" \/> <img loading=\"lazy\" decoding=\"async\" class=\"alignnone size-medium wp-image-2788\" src=\"http:\/\/auro-cuines.com\/wp-content\/uploads\/U-LINE-300x300.jpg\" alt=\"\" width=\"300\" height=\"300\" srcset=\"https:\/\/auro-cuines.com\/wp-content\/uploads\/U-LINE-300x300.jpg 300w, https:\/\/auro-cuines.com\/wp-content\/uploads\/U-LINE-550x550.jpg 550w, https:\/\/auro-cuines.com\/wp-content\/uploads\/U-LINE-200x200.jpg 200w, https:\/\/auro-cuines.com\/wp-content\/uploads\/U-LINE-768x768.jpg 768w, https:\/\/auro-cuines.com\/wp-content\/uploads\/U-LINE.jpg 1500w\" sizes=\"(max-width: 300px) 100vw, 300px\" \/> <img loading=\"lazy\" decoding=\"async\" class=\"alignnone size-medium wp-image-2799\" src=\"http:\/\/auro-cuines.com\/wp-content\/uploads\/SMEG-300x300.jpg\" alt=\"\" width=\"300\" height=\"300\" srcset=\"https:\/\/auro-cuines.com\/wp-content\/uploads\/SMEG-300x300.jpg 300w, https:\/\/auro-cuines.com\/wp-content\/uploads\/SMEG-550x550.jpg 550w, https:\/\/auro-cuines.com\/wp-content\/uploads\/SMEG-200x200.jpg 200w, https:\/\/auro-cuines.com\/wp-content\/uploads\/SMEG-768x768.jpg 768w, https:\/\/auro-cuines.com\/wp-content\/uploads\/SMEG.jpg 1500w\" sizes=\"(max-width: 300px) 100vw, 300px\" \/> <img loading=\"lazy\" decoding=\"async\" class=\"alignnone size-medium wp-image-2805\" src=\"http:\/\/auro-cuines.com\/wp-content\/uploads\/KETTAL-300x300.jpg\" alt=\"\" width=\"300\" height=\"300\" srcset=\"https:\/\/auro-cuines.com\/wp-content\/uploads\/KETTAL-300x300.jpg 300w, https:\/\/auro-cuines.com\/wp-content\/uploads\/KETTAL-550x550.jpg 550w, https:\/\/auro-cuines.com\/wp-content\/uploads\/KETTAL-200x200.jpg 200w, https:\/\/auro-cuines.com\/wp-content\/uploads\/KETTAL-768x768.jpg 768w, https:\/\/auro-cuines.com\/wp-content\/uploads\/KETTAL.jpg 1500w\" sizes=\"(max-width: 300px) 100vw, 300px\" \/> <img loading=\"lazy\" decoding=\"async\" class=\"alignnone size-medium wp-image-2810\" src=\"http:\/\/auro-cuines.com\/wp-content\/uploads\/CAPDELL-300x300.jpg\" alt=\"\" width=\"300\" height=\"300\" srcset=\"https:\/\/auro-cuines.com\/wp-content\/uploads\/CAPDELL-300x300.jpg 300w, https:\/\/auro-cuines.com\/wp-content\/uploads\/CAPDELL-550x550.jpg 550w, https:\/\/auro-cuines.com\/wp-content\/uploads\/CAPDELL-200x200.jpg 200w, https:\/\/auro-cuines.com\/wp-content\/uploads\/CAPDELL-768x768.jpg 768w, https:\/\/auro-cuines.com\/wp-content\/uploads\/CAPDELL.jpg 1500w\" sizes=\"(max-width: 300px) 100vw, 300px\" \/><\/p>\n<div class='clear '><\/div><\/div>","protected":false},"excerpt":{"rendered":"<p>LES NOSTRES MARQUES &ndash; Aur&oacute; Kitchens et garantitza uns est&agrave;ndards de m&agrave;xima qualitat en cuines. Els nostres fabricats son cuidats fins a l&rsquo;&uacute;ltim detall i tots els processos estan controlats pel nostre equip de professionals. Les marques que representem a continuaci&oacute; s&oacute;n una selecci&oacute; de les millors i m&eacute;s exigents f&agrave;briques al m&oacute;n, que es [&hellip;]<\/p>\n","protected":false},"author":1,"featured_media":0,"parent":0,"menu_order":0,"comment_status":"closed","ping_status":"closed","template":"","meta":{"_genesis_hide_title":false,"_genesis_hide_breadcrumbs":false,"_genesis_hide_singular_image":false,"_genesis_hide_footer_widgets":false,"_genesis_custom_body_class":"","_genesis_custom_post_class":"","_genesis_layout":"","footnotes":""},"class_list":{"0":"post-2767","1":"page","2":"type-page","3":"status-publish","5":"entry","6":"has-post-thumbnail"},"aioseo_notices":[],"_links":{"self":[{"href":"https:\/\/auro-cuines.com\/ca\/wp-json\/wp\/v2\/pages\/2767","targetHints":{"allow":["GET"]}}],"collection":[{"href":"https:\/\/auro-cuines.com\/ca\/wp-json\/wp\/v2\/pages"}],"about":[{"href":"https:\/\/auro-cuines.com\/ca\/wp-json\/wp\/v2\/types\/page"}],"author":[{"embeddable":true,"href":"https:\/\/auro-cuines.com\/ca\/wp-json\/wp\/v2\/users\/1"}],"replies":[{"embeddable":true,"href":"https:\/\/auro-cuines.com\/ca\/wp-json\/wp\/v2\/comments?post=2767"}],"version-history":[{"count":9,"href":"https:\/\/auro-cuines.com\/ca\/wp-json\/wp\/v2\/pages\/2767\/revisions"}],"predecessor-version":[{"id":6639,"href":"https:\/\/auro-cuines.com\/ca\/wp-json\/wp\/v2\/pages\/2767\/revisions\/6639"}],"wp:attachment":[{"href":"https:\/\/auro-cuines.com\/ca\/wp-json\/wp\/v2\/media?parent=2767"}],"curies":[{"name":"wp","href":"https:\/\/api.w.org\/{rel}","templated":true}]}}