{"id":1684,"date":"2019-11-17T17:55:09","date_gmt":"2019-11-17T17:55:09","guid":{"rendered":"https:\/\/auro-cuines.com\/?page_id=1684"},"modified":"2020-03-24T09:06:15","modified_gmt":"2020-03-24T09:06:15","slug":"aviso-legal","status":"publish","type":"page","link":"https:\/\/auro-cuines.com\/ca\/aviso-legal\/","title":{"rendered":"Avis Legal"},"content":{"rendered":"<p>El present av\u00eds legal, d&#8217;ara endavant, l&#8217;Av\u00eds Legal, regula l&#8217;\u00fas de l&#8217;servei del website d&#8217;Internet https:\/\/www.auro-cuines.com, d&#8217;ara endavant Website de Aur\u00f3 Kitchens &#8211; Zedey Mobiliari S.L. des d&#8217;ara, Aur\u00f3 amb domicili social a Calder\u00f3n de la barca n\u00ba 1, 08940 Cornell\u00e0 de Llobregat, Barcelona, amb CIF B66428905 i inscrita en el Registre Mercantil de Barcelona Tom 44681, Foli 36, Full n\u00fam B463342 Ins 1a, 19 de Febrer de 2015. Tots els productes i serveis continguts en la present web s\u00f3n prestats per Aur\u00f3 de conformitat amb la normativa vigent en mat\u00e8ria serveis telem\u00e0tics.<\/p>\n<h2>Legislaci\u00f3<\/h2>\n<p>Amb car\u00e0cter general les relacions entre Aur\u00f3 amb els Usuaris dels seus serveis telem\u00e0tics, presents al web, es troben sotmeses a la legislaci\u00f3 i jurisdicci\u00f3 espanyoles.<\/p>\n<h2>Us i acces d\u00b4 Usuaris<\/h2>\n<p>L&#8217;Usuari queda informat, i accepta, que l&#8217;acc\u00e9s a la present web no suposa, de cap manera, l&#8217;inici d&#8217;una relaci\u00f3 comercial amb Aur\u00f3. L&#8217;acc\u00e9s a qualsevol dels productes o serveis inclosos en la present web per part de l&#8217;Usuari es realitzar\u00e0 sota la seva \u00fanica i exclusiva responsabilitat, exonerant a Aur\u00f3 de qualsevol responsabilitat a l&#8217;respecte. Aur\u00f3 pot rebutjar l&#8217;acc\u00e9s a qualsevol Usuari des del moment en qu\u00e8 tingui coneixement que l&#8217;Usuari no compleix amb els requisits abans esmentats. La utilitzaci\u00f3 del website atribueix la condici\u00f3 d&#8217;usuari del website, d&#8217;ara endavant, l&#8217;usuari i implica l&#8217;acceptaci\u00f3 plena i sense reserves de totes i cadascuna de les disposicions incloses en aquest Av\u00eds Legal en la versi\u00f3 publicada per Aur\u00f3 en el moment mateix en qu\u00e8 l&#8217;Usuari accedeixi a l&#8217;website. En conseq\u00fc\u00e8ncia, l&#8217;Usuari ha de llegir atentament el present Av\u00eds Legal en cadascuna de les ocasions en qu\u00e8 es proposi utilitzar el website, ja que es pot haver modificat.<\/p>\n<h2>Propietat intelectual i industrial<\/h2>\n<p>Els drets de propietat intel\u00b7lectual de l&#8217;contingut de les p\u00e0gi nes web, el seu disseny gr\u00e0fic i codis s\u00f3n titularitat de Aur\u00f3 i, per tant, queda prohibida la seva reproducci\u00f3, distribuci\u00f3, comunicaci\u00f3 p\u00fablica, transformaci\u00f3 o qualsevol altra activitat que es pugui realitzar amb els continguts de les seves p\u00e0gines web ni encara citant les fonts, excepte consentiment per escrit de Aur\u00f3. Igualment, tots els noms comercials, marques o signes diferents de qualsevol classe continguts en les p\u00e0gines web de Aur\u00f3 s\u00f3n propietat dels seus amos i estan protegits per llei.<\/p>\n<h2>Contingut de la web i enlla\u00e7os (links)<\/h2>\n<p>Aur\u00f3 no es responsabilitza del mal \u00fas que es realitzi dels continguts de les seves p\u00e0gines web, sent exclusiva responsabilitat de la persona que accedeix a ells o els utilitzi. Aur\u00f3 no assumeix cap responsabilitat per la informaci\u00f3 continguda en p\u00e0gines web de tercers a les que es pugui accedir per enlla\u00e7os (links) o cercadors de les p\u00e0gines web de Aur\u00f3.<\/p>\n<h2>Intercambi o difusi\u00f3 d\u00b4 informaci\u00f3<\/h2>\n<p>Aur\u00f3 declina tota responsabilitat que es derivi de l&#8217;intercanvi d&#8217;informaci\u00f3 entre usuaris a trav\u00e9s de les seves p\u00e0gines web. La responsabilitat de les manifestacions difoses en les seves p\u00e0gines web correspon a qui les realitzen.<\/p>\n<div class='clear '><\/div><\/div>","protected":false},"excerpt":{"rendered":"<p>El present av&iacute;s legal, d&rsquo;ara endavant, l&rsquo;Av&iacute;s Legal, regula l&rsquo;&uacute;s de l&rsquo;servei del website d&rsquo;Internet https:\/\/www.auro-cuines.com, d&rsquo;ara endavant Website de Aur&oacute; Kitchens &ndash; Zedey Mobiliari S.L. des d&rsquo;ara, Aur&oacute; amb domicili social a Calder&oacute;n de la barca n&ordm; 1, 08940 Cornell&agrave; de Llobregat, Barcelona, amb CIF B66428905 i inscrita en el Registre Mercantil de Barcelona [&hellip;]<\/p>\n","protected":false},"author":1,"featured_media":0,"parent":0,"menu_order":0,"comment_status":"closed","ping_status":"closed","template":"","meta":{"_genesis_hide_title":false,"_genesis_hide_breadcrumbs":false,"_genesis_hide_singular_image":false,"_genesis_hide_footer_widgets":false,"_genesis_custom_body_class":"","_genesis_custom_post_class":"","_genesis_layout":"","footnotes":""},"class_list":{"0":"post-1684","1":"page","2":"type-page","3":"status-publish","5":"entry"},"aioseo_notices":[],"_links":{"self":[{"href":"https:\/\/auro-cuines.com\/ca\/wp-json\/wp\/v2\/pages\/1684","targetHints":{"allow":["GET"]}}],"collection":[{"href":"https:\/\/auro-cuines.com\/ca\/wp-json\/wp\/v2\/pages"}],"about":[{"href":"https:\/\/auro-cuines.com\/ca\/wp-json\/wp\/v2\/types\/page"}],"author":[{"embeddable":true,"href":"https:\/\/auro-cuines.com\/ca\/wp-json\/wp\/v2\/users\/1"}],"replies":[{"embeddable":true,"href":"https:\/\/auro-cuines.com\/ca\/wp-json\/wp\/v2\/comments?post=1684"}],"version-history":[{"count":8,"href":"https:\/\/auro-cuines.com\/ca\/wp-json\/wp\/v2\/pages\/1684\/revisions"}],"predecessor-version":[{"id":1767,"href":"https:\/\/auro-cuines.com\/ca\/wp-json\/wp\/v2\/pages\/1684\/revisions\/1767"}],"wp:attachment":[{"href":"https:\/\/auro-cuines.com\/ca\/wp-json\/wp\/v2\/media?parent=1684"}],"curies":[{"name":"wp","href":"https:\/\/api.w.org\/{rel}","templated":true}]}}