{"id":1681,"date":"2019-11-17T17:46:45","date_gmt":"2019-11-17T17:46:45","guid":{"rendered":"https:\/\/auro-cuines.com\/?page_id=1681"},"modified":"2019-11-27T12:20:24","modified_gmt":"2019-11-27T12:20:24","slug":"politica-proteccion-de-datos","status":"publish","type":"page","link":"https:\/\/auro-cuines.com\/ca\/politica-proteccion-de-datos\/","title":{"rendered":"Pol\u00edtica Protecci\u00f3 de Dades"},"content":{"rendered":"<p>Mitjan\u00e7ant aquest av\u00eds, Zedey Mobiliari SL domiciliada a Calder\u00f3n de la barca n\u00ba 1, 08940 Cornell\u00e0 de Llobregat, Barcelona i amb adre\u00e7a de correu electr\u00f2nic info@auro-cuines.com, d&#8217;ara endavant, Aur\u00f3, informa als usuaris dels diferents website de Internet de la seva propietat, d&#8217;ara endavant, Usuaris i lloc web, sobre la seva pol\u00edtica de protecci\u00f3 de dades de car\u00e0cter personal, d&#8217;ara endavant, les dades Personals, perqu\u00e8 els Usuaris determinin lliure i volunt\u00e0riament si desitgen facilitar a Aur\u00f3 les dades Personals que se&#8217;ls puguin requerir o que es puguin obtenir dels Usuaris amb ocasi\u00f3 de la subscripci\u00f3 o alta en alguns dels serveis oferts per Aur\u00f3 en el website o mitjan\u00e7ant el lloc web. Aur\u00f3 es reserva el dret a modificar la present pol\u00edtica per adaptar-la a novetats legislatives o jurisprudencials aix\u00ed com a pr\u00e0ctiques de la ind\u00fastria. En aquests sup\u00f2sits, Aur\u00f3 anunciar\u00e0 en aquesta p\u00e0gina els canvis introdu\u00efts amb raonable antelaci\u00f3 a la seva posada en pr\u00e0ctica.<\/p>\n<h2>Legislaci\u00f3<\/h2>\n<p>D&#8217;acord amb el que estableix l&#8217;Article 12 de l&#8217;Reglament Europeu de Protecci\u00f3 de Dades, relatiu a la transpar\u00e8ncia de la informaci\u00f3, comunicaci\u00f3 i modalitats d&#8217;exercici dels drets de l&#8217;interessat i de l&#8217;Article 13, relatiu a la informaci\u00f3 que s&#8217;ha de facilitar quan les dades personals s&#8217;obtinguin de l&#8217;interessat.<br \/>\n<strong>Responsable del tractament<\/strong><br \/>\nIdentitat: Zedey Mobiliari SL., D&#8217;ara endavant, Aur\u00f3 amb domicili social a Calder\u00f3n de la barca n\u00ba 1, 08940 Cornell\u00e0 de Llobregat, Barcelona, \u200b\u200bamb CIF B66428905 i inscrita en el Registre Mercantil de Barcelona Tom 44681, Foli 36, Full n\u00fam B463342 Ins 1a, 19 de Febrer de 2015. Aix\u00ed mateix, en el cas que registri les seves dades personals en algun dels formularis d&#8217;aquest web, les dades facilitades seran incorporades als fitxers automatitzats de Aur\u00f3.<\/p>\n<h2>Finalitat del tractament<\/h2>\n<p>La recollida i tractament automatitzat de les Dades Personals t\u00e9 com a finalitat la gesti\u00f3 de la relaci\u00f3 amb els potencials clients que contacten per mitj\u00e0 dels diferents formularis de contacte.<br \/>\n&#8211; Finalitat de el formulari de vull un projecte Aur\u00f3: gestionar el seu inter\u00e8s en rebre el nostre contacte per elaborar un projecte personalitzat.<br \/>\n&#8211; Finalitat de l&#8217;formulari per distribuir les nostres cuines: gestionar el seu inter\u00e8s en convertir-se en un distribu\u00efdor Aur\u00f3.<br \/>\nLes dades proporcionades es conservaran mentre no sol\u00b7liciti la baixa de l&#8217;servei. Les dades es poden cedir a empreses prestadores de m\u00e0rqueting digital amb fins d&#8217;an\u00e0lisi, generaci\u00f3 de perfils d&#8217;\u00fas, estudis de m\u00e0rqueting o enquestes de qualitat i millora de la interacci\u00f3 amb els nostres clients.<\/p>\n<h2>Legitimaci\u00f3<\/h2>\n<p>L&#8217;informem que la base legal per al tractament de les seves dades \u00e9s la de gestionar les sol\u00b7licituds que ens remeti a trav\u00e9s dels diferents formularis disponibles. L&#8217;interessat d\u00f3na el seu consentiment a l&#8217;omplir el formulari i enviar les seves dades.<\/p>\n<h2><strong>Conservaci\u00f3 de les dades<\/strong><\/h2>\n<p>Les dades proporcionades es conservaran durant els terminis legalment establerts.<\/p>\n<h2><strong>Cessions de dades<\/strong><\/h2>\n<p>Les dades no se cediran a tercers excepte en els casos en qu\u00e8 hi hagi una obligaci\u00f3 legal o en el cas d&#8217;enviaments de publicitat en qu\u00e8 seran cedides a empreses que gestionin el m\u00e0rqueting digital i a distribu\u00efdors oficials. A l&#8217;aportar-nos les seves Dades Personals a trav\u00e9s d&#8217;aquest portal, vost\u00e8 ens autoritza a tractar i compartir la seva informaci\u00f3 amb aquests col\u00b7laboradors. La seva autoritzaci\u00f3, inclou aquells casos en qu\u00e8, per efici\u00e8ncia de l&#8217;servei, els prestadors puguin estar ubicats als Estats Units d&#8217;Am\u00e8rica o altres pa\u00efsos o territoris situats fora de l&#8217;Espai Econ\u00f2mic Europeu que no tinguin un nivell de protecci\u00f3 de dades equiparable a el del seu pa\u00eds o, si s&#8217;escau, a el de la Uni\u00f3 Europea.<\/p>\n<h2>Drets de l\u00b4interesat<\/h2>\n<p>Tindr\u00e0 dret a accedir a les seves dades personals, aix\u00ed com a sol\u00b7licitar la rectificaci\u00f3 de les dades inexactes o, si escau, sol\u00b7licitar la seva supressi\u00f3 quan, entre d&#8217;altres motius, les dades ja no siguin necessaris per als fins que van ser recollides. Pot sol\u00b7licitar la limitaci\u00f3 o oposici\u00f3 de l&#8217;tractament de les seves dades, en aquest cas \u00fanicament els conservarem per complir amb les obligacions legalment establertes.<\/p>\n<h2>Dret a no ser objecte de decisions individuals automatitzades, inclosa l\u00b4elaboraci\u00f3 de perfils<\/h2>\n<p>No es fan sobre l&#8217;usuari decisions individuals automatitzades ni s&#8217;elaboren perfils que produeixin efectes jur\u00eddics o l&#8217;afectin significativament de manera similar.<\/p>\n<h2>Exercico de dret d\u00b4acces, rectificaci\u00f3, cancel.laci\u00f3 i oposici\u00f3<\/h2>\n<p>Per a l&#8217;exercici dels seus drets ha d&#8217;enviar un correu electr\u00f2nic a info@auro-cuines.com indicant per escrit la seva petici\u00f3 i adjuntant fotoc\u00f2pia del seu DNI.<\/p>\n<h2>Mides de seguretat<\/h2>\n<p>Tenint en compte l&#8217;estat de la t\u00e8cnica, els costos d&#8217;aplicaci\u00f3, i la naturalesa, l&#8217;abast, el context i els caps de el tractament, aix\u00ed com riscos de probabilitat i gravetat variables per als drets i llibertats de les persones f\u00edsiques, Aur\u00f3 equipament de interiors slu aplica les mesures t\u00e8cniques i organitzatives apropiades per garantir un nivell de seguretat adequat a el risc. Aur\u00f3 no ser\u00e0 responsable de possibles danys o perjudicis que es puguin derivar d&#8217;interfer\u00e8ncies, omissions, interrupcions, virus inform\u00e0tics, avaries telef\u00f2niques o desconnexions en el funcionament operatiu d&#8217;aquest sistema electr\u00f2nic, motivades per causes alienes a Aur\u00f3; de retards o bloquejos en l&#8217;\u00fas d&#8217;aquest sistema electr\u00f2nic causats per defici\u00e8ncies o c\u00e0rregues de l\u00ednies telef\u00f2niques o sobrec\u00e0rregues en el Centre de Processos de Dades, en el sistema d&#8217;Internet o en altres sistemes electr\u00f2nics, aix\u00ed com de danys que puguin ser causats per terceres persones mitjan\u00e7ant intromissions il\u00b7leg\u00edtimes fora del control de Aur\u00f3.<\/p>\n<h2>Tratament basat al consentiment de l\u00b4afectat<\/h2>\n<p>A trav\u00e9s d&#8217;aquesta p\u00e0gina web https:\/\/www.auro-cuines.com no es recull cap dada personal sense el seu consentiment.<\/p>\n<h2>Deure de confidencialitat<\/h2>\n<p>De conformitat amb l&#8217;article 5.1 f) de l&#8217;Reglament (UE) 2016\/679 Aur\u00f3 es compromet a tractar de manera absolutament confidencial les seves dades de car\u00e0cter personal i a utilitzar-nom\u00e9s per a les finalitats indicades.<\/p>\n<h2>Inexactitud de les dades obtingudes directament de l\u00b4afectat<\/h2>\n<p>Als efectes que preveu l&#8217;article 5.1 d) de l&#8217;Reglament (UE) 2016\/679, no seran imputables a l&#8217;responsable de l&#8217;tractament les dades personals que siguin inexactes respecte als fins per als quals es tracten, si vost\u00e8 no ha exercit el seu dret de rectificaci\u00f3.<\/p>\n<h2>Dret a reclamar<\/h2>\n<p>En el cas que no estigui d&#8217;acord amb el tractament de les seves dades podr\u00e0 dirigir les seves reclamacions davant les autoritats de protecci\u00f3 de dades.<\/p>\n<h2>Galetes &#8220;cookies&#8221;<\/h2>\n<p>Aur\u00f3 pot utilitzar cookies quan un Usuari navega pels llocs i p\u00e0gines web del Portal. Les cookies que es puguin utilitzar en els llocs i p\u00e0gines web del Portal s&#8217;associen \u00fanicament amb el navegador d&#8217;un ordinador determinat (un Usuari an\u00f2nim), i no proporcionen per si el nom i cognoms de l&#8217;Usuari. Gr\u00e0cies a les cookies, resulta possible que Aur\u00f3 reconegui els navegadors dels Usuaris registrats despr\u00e9s que aquests s&#8217;hagin registrat per primera vegada, sense que s&#8217;hagin de registrar en cada visita per accedir a les \u00e0rees i serveis reservats exclusivament a ells. Les cookies utilitzades no poden llegir els arxius galeta creats per altres prove\u00efdors. L&#8217;Usuari t\u00e9 la possibilitat de configurar el seu navegador per ser avisat en pantalla de la recepci\u00f3 de cookies i per impedir la instal\u00b7laci\u00f3 de cookies al seu disc dur. Si us plau, consulti les instruccions i manuals del seu navegador per ampliar aquesta informaci\u00f3. Per utilitzar el Portal, no resulta necessari que l&#8217;Usuari permeti la instal\u00b7laci\u00f3 de les cookies enviades per Aur\u00f3, sense perjudici que en tal cas ser\u00e0 necessari que l&#8217;Usuari es registri com a usuari de cada un dels serveis la prestaci\u00f3 requereixi el previ registre. Les cookies que s&#8217;utilitzen en els llocs i p\u00e0gines web del Portal poden ser servides per Aur\u00f3, en aquest cas se serveixen des dels diferents servidors operats per aquestes, o des dels servidors de determinats tercers que ens presten serveis i serveixen les cookies per compte de Aur\u00f3 (com per exemple, les cookies que s&#8217;empren per servir la publicitat o determinats continguts i que fan que l&#8217;Usuari visualitzi la publicitat o certs continguts en el temps, nombre de vegades i forma predeterminats). Sempre que no hagi activat l&#8217;opci\u00f3 que impedeix la instal\u00b7laci\u00f3 de cookies al seu disc dur, Un. Pot explorar el seu disc dur seguint el manual d&#8217;instruccions i ajuda del seu sistema operatiu (normalment, en sistemes operatius Windows haur\u00e0 de consultar la carpeta C (o la unitat de disc corresponent Windows \/ cookies) per a con\u00e8ixer amb m\u00e9s detall cada servidor des d&#8217;on s&#8217;envien les cookies.<\/p>\n<div id=\"gtx-trans\" style=\"position: absolute; left: 744px; top: 2425.38px;\"><\/div>\n<p><\/p>\n<div class='clear '><\/div><\/div>","protected":false},"excerpt":{"rendered":"<p>Mitjan&ccedil;ant aquest av&iacute;s, Zedey Mobiliari SL domiciliada a Calder&oacute;n de la barca n&ordm; 1, 08940 Cornell&agrave; de Llobregat, Barcelona i amb adre&ccedil;a de correu electr&ograve;nic info@auro-cuines.com, d&rsquo;ara endavant, Aur&oacute;, informa als usuaris dels diferents website de Internet de la seva propietat, d&rsquo;ara endavant, Usuaris i lloc web, sobre la seva pol&iacute;tica de protecci&oacute; de dades [&hellip;]<\/p>\n","protected":false},"author":1,"featured_media":0,"parent":0,"menu_order":0,"comment_status":"closed","ping_status":"closed","template":"","meta":{"_genesis_hide_title":false,"_genesis_hide_breadcrumbs":false,"_genesis_hide_singular_image":false,"_genesis_hide_footer_widgets":false,"_genesis_custom_body_class":"","_genesis_custom_post_class":"","_genesis_layout":"","footnotes":""},"class_list":{"0":"post-1681","1":"page","2":"type-page","3":"status-publish","5":"entry"},"aioseo_notices":[],"_links":{"self":[{"href":"https:\/\/auro-cuines.com\/ca\/wp-json\/wp\/v2\/pages\/1681","targetHints":{"allow":["GET"]}}],"collection":[{"href":"https:\/\/auro-cuines.com\/ca\/wp-json\/wp\/v2\/pages"}],"about":[{"href":"https:\/\/auro-cuines.com\/ca\/wp-json\/wp\/v2\/types\/page"}],"author":[{"embeddable":true,"href":"https:\/\/auro-cuines.com\/ca\/wp-json\/wp\/v2\/users\/1"}],"replies":[{"embeddable":true,"href":"https:\/\/auro-cuines.com\/ca\/wp-json\/wp\/v2\/comments?post=1681"}],"version-history":[{"count":10,"href":"https:\/\/auro-cuines.com\/ca\/wp-json\/wp\/v2\/pages\/1681\/revisions"}],"predecessor-version":[{"id":1766,"href":"https:\/\/auro-cuines.com\/ca\/wp-json\/wp\/v2\/pages\/1681\/revisions\/1766"}],"wp:attachment":[{"href":"https:\/\/auro-cuines.com\/ca\/wp-json\/wp\/v2\/media?parent=1681"}],"curies":[{"name":"wp","href":"https:\/\/api.w.org\/{rel}","templated":true}]}}