{"id":163,"date":"2016-09-20T02:58:49","date_gmt":"2016-09-20T02:58:49","guid":{"rendered":"http:\/\/auro-cuines.com\/?page_id=163"},"modified":"2023-07-21T23:12:54","modified_gmt":"2023-07-21T21:12:54","slug":"auro-quality-kitchens","status":"publish","type":"page","link":"https:\/\/auro-cuines.com\/ca\/auro-quality-kitchens\/","title":{"rendered":"Perqu\u00e8 Aur\u00f3"},"content":{"rendered":"<p>&nbsp;<\/p>\n<h1><strong>HIST\u00d2RIA<\/strong><\/h1>\n<p>Des de fa m\u00e9s d&#8217;un segle diverses generacions d&#8217;ebenistes d&#8217;una mateixa fam\u00edlia van tallar els pilars del que avui \u00e9s <strong>Aur\u00f3<\/strong>.<\/p>\n<p>Des de la seva fundaci\u00f3 fa 40 anys, unim sota un mateix sostre l\u00b4experi\u00e8ncia de fusters i mestres ebenistes amb la precisi\u00f3 de l\u00b4\u00faltima tecnologia per generar un producte \u00fanic, ja que cada cuina es fabrica independentment, i no en s\u00e8rie.<\/p>\n<p>&nbsp;<\/p>\n<p>Aquest sistema, ens ajuda a cuidar fins al m\u00e9s m\u00ednim detall, i potenciar amb escreix els nostres estrictes criteris de qualitat<\/p>\n<p><a href=\"http:\/\/auro-cuines.com\/wp-content\/uploads\/foto_carpinteria_2.jpg\"><img fetchpriority=\"high\" decoding=\"async\" class=\"aligncenter wp-image-104\" style=\"float: left; padding: 0px 15px 5px 0;\" src=\"http:\/\/auro-cuines.com\/wp-content\/uploads\/foto_carpinteria_2-300x197.jpg\" alt=\"Auro\" width=\"533\" height=\"350\" srcset=\"https:\/\/auro-cuines.com\/wp-content\/uploads\/foto_carpinteria_2-300x197.jpg 300w, https:\/\/auro-cuines.com\/wp-content\/uploads\/foto_carpinteria_2-768x504.jpg 768w, https:\/\/auro-cuines.com\/wp-content\/uploads\/foto_carpinteria_2-1200x788.jpg 1200w, https:\/\/auro-cuines.com\/wp-content\/uploads\/foto_carpinteria_2.jpg 1600w\" sizes=\"(max-width: 533px) 100vw, 533px\" \/><\/a><\/p>\n<p>&nbsp;<\/p>\n<p>&nbsp;<\/p>\n<p>&nbsp;<\/p>\n<p>&nbsp;<\/p>\n<p>&nbsp;<\/p>\n<p>&nbsp;<\/p>\n<p>&nbsp;<\/p>\n<p>&nbsp;<\/p>\n<p>&nbsp;<\/p>\n<p>&nbsp;<\/p>\n<div id=\"company\">\n<h1>GARANTIA AUR\u00d3<\/h1>\n<p><img decoding=\"async\" class=\"aligncenter wp-image-6107 size-full\" src=\"https:\/\/auro-cuines.com\/wp-content\/uploads\/Complex_099.jpg\" alt=\"\" width=\"1768\" height=\"1298\" srcset=\"https:\/\/auro-cuines.com\/wp-content\/uploads\/Complex_099.jpg 1768w, https:\/\/auro-cuines.com\/wp-content\/uploads\/Complex_099-300x220.jpg 300w, https:\/\/auro-cuines.com\/wp-content\/uploads\/Complex_099-749x550.jpg 749w, https:\/\/auro-cuines.com\/wp-content\/uploads\/Complex_099-768x564.jpg 768w, https:\/\/auro-cuines.com\/wp-content\/uploads\/Complex_099-1536x1128.jpg 1536w\" sizes=\"(max-width: 1768px) 100vw, 1768px\" \/><\/p>\n<h2>PRODUCCI\u00d3 PR\u00d2PIA<\/h2>\n<p>Quaranta anys de recerca i disseny s\u00f3n la garantia de la curosa elecci\u00f3 de materials, t\u00e8cniques de proc\u00e9s i sistemes de producci\u00f3 per al moblament de cuina <strong>Aur\u00f3<\/strong>. Una gran marca que est\u00e0 present en multitud d&#8217;habitatges, reconeguda per prestigiosos estudis d&#8217;arquitectura per als projectes de m\u00e9s requeriment est\u00e8tic i t\u00e8cnic.<\/p>\n<p>Per completar els nostres projectes i producci\u00f3 pr\u00f2pia, tamb\u00e9 comptem amb materials i marques referents d&#8217;alta gamma a la seva categoria com: MIELE &#8211; BORA &#8211; GAGGENAU &#8211; LIEBHERR &#8211; GESSI<\/p>\n<h2>PROJECTES I INTERIORISME<\/h2>\n<p>El nostre equip d&#8217;interioristes i t\u00e8cnics en moblament s&#8217;ocuparan de projectar casa teva de somni, a l&#8217;al\u00e7ada dels teus gustos i necessitats, aportant tota la nostra professionalitat forjada per anys d&#8217;experi\u00e8ncia en cada disciplina.<\/p>\n<p>Vols que realitzem el projecte integral de la teva nova llar? Contacta ara amb nosaltres, estudiarem el teu projecte en una cita exclusiva<\/p>\n<p><img decoding=\"async\" class=\"aligncenter wp-image-6104 size-large\" src=\"https:\/\/auro-cuines.com\/wp-content\/uploads\/Auro-Kitchens-043-824x550.jpg\" alt=\"\" width=\"824\" height=\"550\" srcset=\"https:\/\/auro-cuines.com\/wp-content\/uploads\/Auro-Kitchens-043-824x550.jpg 824w, https:\/\/auro-cuines.com\/wp-content\/uploads\/Auro-Kitchens-043-300x200.jpg 300w, https:\/\/auro-cuines.com\/wp-content\/uploads\/Auro-Kitchens-043-768x512.jpg 768w, https:\/\/auro-cuines.com\/wp-content\/uploads\/Auro-Kitchens-043-1536x1025.jpg 1536w, https:\/\/auro-cuines.com\/wp-content\/uploads\/Auro-Kitchens-043.jpg 1619w\" sizes=\"(max-width: 824px) 100vw, 824px\" \/><\/p>\n<h2>SHOWROOM<\/h2>\n<p>La nostra darrera ampliaci\u00f3 on hem duplicat l&#8217;espai expositiu, uneix les tend\u00e8ncies m\u00e9s exclusives en mobles de cuina, bany, vestidors i complements, tant per a l&#8217;interior com per a l&#8217;exterior de l&#8217;habitatge. Concerta una visita en aquest nou espai, on el disseny et servir\u00e0 d&#8217;inspiraci\u00f3 per convertir casa teva en una llar de somni<\/p>\n<p><img loading=\"lazy\" decoding=\"async\" class=\"aligncenter wp-image-4944 size-full\" src=\"https:\/\/auro-cuines.com\/wp-content\/uploads\/Como-iluminar-la-cocina-Auro-Kitchens-Cocinas-a-medida-Barcelona-P.jpg\" alt=\"C\u00f3mo iluminar la cocina - Aur\u00f3 Kitchens - Cocinas a medida Barcelona\" width=\"1600\" height=\"890\" srcset=\"https:\/\/auro-cuines.com\/wp-content\/uploads\/Como-iluminar-la-cocina-Auro-Kitchens-Cocinas-a-medida-Barcelona-P.jpg 1600w, https:\/\/auro-cuines.com\/wp-content\/uploads\/Como-iluminar-la-cocina-Auro-Kitchens-Cocinas-a-medida-Barcelona-P-300x167.jpg 300w, https:\/\/auro-cuines.com\/wp-content\/uploads\/Como-iluminar-la-cocina-Auro-Kitchens-Cocinas-a-medida-Barcelona-P-980x545.jpg 980w, https:\/\/auro-cuines.com\/wp-content\/uploads\/Como-iluminar-la-cocina-Auro-Kitchens-Cocinas-a-medida-Barcelona-P-768x427.jpg 768w, https:\/\/auro-cuines.com\/wp-content\/uploads\/Como-iluminar-la-cocina-Auro-Kitchens-Cocinas-a-medida-Barcelona-P-1536x854.jpg 1536w\" sizes=\"(max-width: 1600px) 100vw, 1600px\" \/><\/p>\n<\/div>\n<div class=\"capita\"><a href=\"\/contacto\/\" onclick=\"gtag('event', 'A_pagina_Contacto');\" class=\"botoncito\">vull un projecte Aur\u00f3<\/a><\/div>\n<p><\/p>\n<div class='clear '><\/div><\/div>","protected":false},"excerpt":{"rendered":"<p>&nbsp; HIST&Ograve;RIA Des de fa m&eacute;s d&rsquo;un segle diverses generacions d&rsquo;ebenistes d&rsquo;una mateixa fam&iacute;lia van tallar els pilars del que avui &eacute;s Aur&oacute;. Des de la seva fundaci&oacute; fa 40 anys, unim sota un mateix sostre l&acute;experi&egrave;ncia de fusters i mestres ebenistes amb la precisi&oacute; de l&acute;&uacute;ltima tecnologia per generar un producte &uacute;nic, ja que [&hellip;]<\/p>\n","protected":false},"author":1,"featured_media":0,"parent":0,"menu_order":0,"comment_status":"closed","ping_status":"closed","template":"","meta":{"_genesis_hide_title":false,"_genesis_hide_breadcrumbs":false,"_genesis_hide_singular_image":false,"_genesis_hide_footer_widgets":false,"_genesis_custom_body_class":"","_genesis_custom_post_class":"","_genesis_layout":"","footnotes":""},"class_list":{"0":"post-163","1":"page","2":"type-page","3":"status-publish","5":"entry","6":"has-post-thumbnail"},"aioseo_notices":[],"_links":{"self":[{"href":"https:\/\/auro-cuines.com\/ca\/wp-json\/wp\/v2\/pages\/163","targetHints":{"allow":["GET"]}}],"collection":[{"href":"https:\/\/auro-cuines.com\/ca\/wp-json\/wp\/v2\/pages"}],"about":[{"href":"https:\/\/auro-cuines.com\/ca\/wp-json\/wp\/v2\/types\/page"}],"author":[{"embeddable":true,"href":"https:\/\/auro-cuines.com\/ca\/wp-json\/wp\/v2\/users\/1"}],"replies":[{"embeddable":true,"href":"https:\/\/auro-cuines.com\/ca\/wp-json\/wp\/v2\/comments?post=163"}],"version-history":[{"count":41,"href":"https:\/\/auro-cuines.com\/ca\/wp-json\/wp\/v2\/pages\/163\/revisions"}],"predecessor-version":[{"id":8606,"href":"https:\/\/auro-cuines.com\/ca\/wp-json\/wp\/v2\/pages\/163\/revisions\/8606"}],"wp:attachment":[{"href":"https:\/\/auro-cuines.com\/ca\/wp-json\/wp\/v2\/media?parent=163"}],"curies":[{"name":"wp","href":"https:\/\/api.w.org\/{rel}","templated":true}]}}