{"id":159,"date":"2016-09-20T02:57:55","date_gmt":"2016-09-20T02:57:55","guid":{"rendered":"http:\/\/auro-cuines.com\/?page_id=159"},"modified":"2019-11-21T20:23:27","modified_gmt":"2019-11-21T20:23:27","slug":"marsella-ebano","status":"publish","type":"page","link":"https:\/\/auro-cuines.com\/ca\/marsella-ebano\/","title":{"rendered":"Marsella \u00c9bano"},"content":{"rendered":"<p>Cada cuina <strong>Aur\u00f3 <\/strong>\u00e9s un projecte \u00fanic d&#8217;alta qualitat. El car\u00e0cter especial del nostre sistema <strong>Plus <\/strong>comen\u00e7a amb la seva independ\u00e8ncia arquitect\u00f2nica i continua amb les infinites possibilitats que ofereix per conferir a la cuina un estil personal. Aur\u00f3 Plus es dirigeix a aquelles persones que volen nom\u00e9s una cosa: el millor.<br \/>\nEl model <strong>Marsella <\/strong>es construeix en fustes nobles o tropicals com el Ban\u00fas, en el cas d&#8217;aquesta proposta, tamb\u00e9 en Roure, Olivera, Freixa, etc<\/p>\n<p><a href=\"http:\/\/auro-cuines.com\/wp-content\/uploads\/Marsella01.jpg\"><img decoding=\"async\" class=\"aligncenter\" src=\"http:\/\/auro-cuines.com\/wp-content\/uploads\/Marsella01.jpg\" alt=\"marsella01\" \/><\/a><\/p>\n<p><a href=\"http:\/\/auro-cuines.com\/wp-content\/uploads\/Marsella02.jpg\"><img decoding=\"async\" class=\"alignleft size-thumbnail wp-image-106\" src=\"http:\/\/auro-cuines.com\/wp-content\/uploads\/Marsella02-200x200.jpg\" alt=\"marsella02\" width=\"210\" height=\"210\" \/><\/a><\/p>\n<div class=\"clearfix\"><\/div>\n<div class=\"capita\"><a href=\"\/contacto\/\" onclick=\"gtag('event', 'A_pagina_Contacto');\" class=\"botoncito\">vull un projecte Aur\u00f3<\/a><\/div>\n<p><\/p>\n<div class='clear '><\/div><\/div>","protected":false},"excerpt":{"rendered":"<p>Cada cuina Aur&oacute; &eacute;s un projecte &uacute;nic d&rsquo;alta qualitat. El car&agrave;cter especial del nostre sistema Plus comen&ccedil;a amb la seva independ&egrave;ncia arquitect&ograve;nica i continua amb les infinites possibilitats que ofereix per conferir a la cuina un estil personal. Aur&oacute; Plus es dirigeix a aquelles persones que volen nom&eacute;s una cosa: el millor. El model Marsella [&hellip;]<\/p>\n","protected":false},"author":1,"featured_media":0,"parent":0,"menu_order":0,"comment_status":"closed","ping_status":"closed","template":"","meta":{"_genesis_hide_title":false,"_genesis_hide_breadcrumbs":false,"_genesis_hide_singular_image":false,"_genesis_hide_footer_widgets":false,"_genesis_custom_body_class":"","_genesis_custom_post_class":"","_genesis_layout":"","footnotes":""},"class_list":{"0":"post-159","1":"page","2":"type-page","3":"status-publish","5":"entry","6":"has-post-thumbnail"},"aioseo_notices":[],"_links":{"self":[{"href":"https:\/\/auro-cuines.com\/ca\/wp-json\/wp\/v2\/pages\/159","targetHints":{"allow":["GET"]}}],"collection":[{"href":"https:\/\/auro-cuines.com\/ca\/wp-json\/wp\/v2\/pages"}],"about":[{"href":"https:\/\/auro-cuines.com\/ca\/wp-json\/wp\/v2\/types\/page"}],"author":[{"embeddable":true,"href":"https:\/\/auro-cuines.com\/ca\/wp-json\/wp\/v2\/users\/1"}],"replies":[{"embeddable":true,"href":"https:\/\/auro-cuines.com\/ca\/wp-json\/wp\/v2\/comments?post=159"}],"version-history":[{"count":2,"href":"https:\/\/auro-cuines.com\/ca\/wp-json\/wp\/v2\/pages\/159\/revisions"}],"predecessor-version":[{"id":1725,"href":"https:\/\/auro-cuines.com\/ca\/wp-json\/wp\/v2\/pages\/159\/revisions\/1725"}],"wp:attachment":[{"href":"https:\/\/auro-cuines.com\/ca\/wp-json\/wp\/v2\/media?parent=159"}],"curies":[{"name":"wp","href":"https:\/\/api.w.org\/{rel}","templated":true}]}}