{"id":145,"date":"2016-09-20T02:55:21","date_gmt":"2016-09-20T02:55:21","guid":{"rendered":"http:\/\/auro-cuines.com\/?page_id=145"},"modified":"2019-11-20T21:52:28","modified_gmt":"2019-11-20T21:52:28","slug":"materiales","status":"publish","type":"page","link":"https:\/\/auro-cuines.com\/ca\/noticias\/materiales\/","title":{"rendered":"Materials \u00fanics"},"content":{"rendered":"<p><img fetchpriority=\"high\" decoding=\"async\" class=\"aligncenter size-full wp-image-70\" src=\"http:\/\/auro-cuines.com\/wp-content\/uploads\/Praga01.jpg\" alt=\"praga01\" width=\"1600\" height=\"1050\" \/><\/p>\n<p><strong>Microciment:<\/strong> Aplicat en frontals de cuina aporten una est\u00e8tica incomparable, que es poden combinar amb els revestiments escollits en s\u00f2ls i parets.<\/p>\n<p><strong>Porcell\u00e0nic:<\/strong> Podrem generar una exclusiva fusi\u00f3 entre fogons i portes que aportaran ens nom\u00e9s una est\u00e8tica elegant, sin\u00f3 tamb\u00e9 una resist\u00e8ncia i qualitat extrema.<\/p>\n<p><strong>Tauler mar\u00ed:<\/strong> Quan el material preferit per a la construcci\u00f3 d&#8217;embarcacions \u00e9s fa servir en el mobiliari de cuina, cont\u00ednuament susceptible de contacte amb l&#8217;aigua, vam transferir un valor inigualable al nostre mobiliari. Fronts amb tauler mar\u00ed i fusta massissa o laminat, o fins i tot el cos fabricat en aquest noble material, aporten resist\u00e8ncia sense igual.<\/p>\n<p><\/p>\n<div class=\"capita\"><a href=\"\/contacto\/\" onclick=\"gtag('event', 'A_pagina_Contacto');\" class=\"botoncito\">vull un projecte Aur\u00f3<\/a><\/div>\n<p><\/p>\n<div class='clear '><\/div><\/div>","protected":false},"excerpt":{"rendered":"<p>Microciment: Aplicat en frontals de cuina aporten una est&egrave;tica incomparable, que es poden combinar amb els revestiments escollits en s&ograve;ls i parets. Porcell&agrave;nic: Podrem generar una exclusiva fusi&oacute; entre fogons i portes que aportaran ens nom&eacute;s una est&egrave;tica elegant, sin&oacute; tamb&eacute; una resist&egrave;ncia i qualitat extrema. Tauler mar&iacute;: Quan el material preferit per a la [&hellip;]<\/p>\n","protected":false},"author":1,"featured_media":0,"parent":544,"menu_order":0,"comment_status":"closed","ping_status":"closed","template":"","meta":{"_genesis_hide_title":false,"_genesis_hide_breadcrumbs":false,"_genesis_hide_singular_image":false,"_genesis_hide_footer_widgets":false,"_genesis_custom_body_class":"","_genesis_custom_post_class":"","_genesis_layout":"","footnotes":""},"class_list":{"0":"post-145","1":"page","2":"type-page","3":"status-publish","5":"entry"},"aioseo_notices":[],"_links":{"self":[{"href":"https:\/\/auro-cuines.com\/ca\/wp-json\/wp\/v2\/pages\/145","targetHints":{"allow":["GET"]}}],"collection":[{"href":"https:\/\/auro-cuines.com\/ca\/wp-json\/wp\/v2\/pages"}],"about":[{"href":"https:\/\/auro-cuines.com\/ca\/wp-json\/wp\/v2\/types\/page"}],"author":[{"embeddable":true,"href":"https:\/\/auro-cuines.com\/ca\/wp-json\/wp\/v2\/users\/1"}],"replies":[{"embeddable":true,"href":"https:\/\/auro-cuines.com\/ca\/wp-json\/wp\/v2\/comments?post=145"}],"version-history":[{"count":3,"href":"https:\/\/auro-cuines.com\/ca\/wp-json\/wp\/v2\/pages\/145\/revisions"}],"predecessor-version":[{"id":1703,"href":"https:\/\/auro-cuines.com\/ca\/wp-json\/wp\/v2\/pages\/145\/revisions\/1703"}],"up":[{"embeddable":true,"href":"https:\/\/auro-cuines.com\/ca\/wp-json\/wp\/v2\/pages\/544"}],"wp:attachment":[{"href":"https:\/\/auro-cuines.com\/ca\/wp-json\/wp\/v2\/media?parent=145"}],"curies":[{"name":"wp","href":"https:\/\/api.w.org\/{rel}","templated":true}]}}