{"id":1403,"date":"2019-07-28T09:26:41","date_gmt":"2019-07-28T09:26:41","guid":{"rendered":"http:\/\/auro-cuines.com\/?page_id=1403"},"modified":"2019-11-20T22:13:02","modified_gmt":"2019-11-20T22:13:02","slug":"complex","status":"publish","type":"page","link":"https:\/\/auro-cuines.com\/ca\/complex\/","title":{"rendered":"Complex"},"content":{"rendered":"<p>El model <strong>Complex<\/strong> es caracteritza per les seves portes d&#8217;\u00e0nima tecnol\u00f2gica en alumini, combinada amb folre en porcel\u00e0nic de 6 mm.<br \/>\nEn aquest cas s&#8217;ha utilitzat alumini lacat en color negre i Porcel\u00e1nico color Calatorao de la Marca Neolith.<br \/>\nEls interiors, sempre en acer inoxidable, transmeten alta gamma i luxe per a la nostra marca de cuines Premium.<\/p>\n<p><a href=\"http:\/\/auro-cuines.com\/wp-content\/uploads\/comp0.jpg\"><img fetchpriority=\"high\" decoding=\"async\" class=\"aligncenter size-full wp-image-1387\" src=\"http:\/\/auro-cuines.com\/wp-content\/uploads\/comp0.jpg\" alt=\"\" width=\"1600\" height=\"890\" srcset=\"https:\/\/auro-cuines.com\/wp-content\/uploads\/comp0.jpg 1600w, https:\/\/auro-cuines.com\/wp-content\/uploads\/comp0-300x167.jpg 300w, https:\/\/auro-cuines.com\/wp-content\/uploads\/comp0-768x427.jpg 768w, https:\/\/auro-cuines.com\/wp-content\/uploads\/comp0-980x545.jpg 980w\" sizes=\"(max-width: 1600px) 100vw, 1600px\" \/><\/a><\/p>\n<p>Per a aquest projecte s&#8217;ha combinat amb el nostre model lacat: PragaLM, que \u00e9s una combinaci\u00f3 de base en MDF amb laca setinada color Blanc.<br \/>\nEl projecte tamb\u00e9 ha comptat amb electrodom\u00e8stics Gaggenau de la seva s\u00e8rie 400, una campana Gutmann a mida de 5 metres de llarg, aixetes Vola i piques en acer inoxidable de Blanco i tamb\u00e9 en el mateix Neolith Calatarao, igual que taulells i frontal de paret.<br \/>\nLa taula de Roure massissat fabricada tamb\u00e9 per <strong>Aur\u00f3<\/strong> voli de tal manera que sembla impossible la seva subjecci\u00f3. El complex t\u00e8cnic de la fabricaci\u00f3 a mida \u00e9s la nostra passi\u00f3.<\/p>\n<div class=\"clearfix\" style=\"margin-top: 100px;\">\n<a href=\"http:\/\/auro-cuines.com\/wp-content\/uploads\/comp8.jpg\"><img decoding=\"async\" class=\"alignleft size-thumbnail wp-image-1393\" src=\"http:\/\/auro-cuines.com\/wp-content\/uploads\/comp8-200x200.jpg\" alt=\"\" width=\"200\" height=\"200\" \/><\/a> <a href=\"http:\/\/auro-cuines.com\/wp-content\/uploads\/comp9.jpg\"><img decoding=\"async\" class=\"alignleft size-thumbnail wp-image-1394\" src=\"http:\/\/auro-cuines.com\/wp-content\/uploads\/comp9-200x200.jpg\" alt=\"\" width=\"200\" height=\"200\" \/><\/a> <a href=\"http:\/\/auro-cuines.com\/wp-content\/uploads\/comp10.jpg\"><img loading=\"lazy\" decoding=\"async\" class=\"alignleft size-thumbnail wp-image-1395\" src=\"http:\/\/auro-cuines.com\/wp-content\/uploads\/comp10-200x200.jpg\" alt=\"\" width=\"200\" height=\"200\" \/><\/a> <a href=\"http:\/\/auro-cuines.com\/wp-content\/uploads\/comp11.jpg\"><img loading=\"lazy\" decoding=\"async\" class=\"alignleft size-thumbnail wp-image-1396\" src=\"http:\/\/auro-cuines.com\/wp-content\/uploads\/comp11-200x200.jpg\" alt=\"\" width=\"200\" height=\"200\" \/><\/a> <a href=\"http:\/\/auro-cuines.com\/wp-content\/uploads\/comp12.jpg\"><img loading=\"lazy\" decoding=\"async\" class=\"alignleft size-thumbnail wp-image-1397\" src=\"http:\/\/auro-cuines.com\/wp-content\/uploads\/comp12-200x200.jpg\" alt=\"\" width=\"200\" height=\"200\" \/><\/a> <a href=\"http:\/\/auro-cuines.com\/wp-content\/uploads\/comp13.jpg\"><img loading=\"lazy\" decoding=\"async\" class=\"alignleft size-thumbnail wp-image-1398\" src=\"http:\/\/auro-cuines.com\/wp-content\/uploads\/comp13-200x200.jpg\" alt=\"\" width=\"200\" height=\"200\" \/><\/a> <a href=\"http:\/\/auro-cuines.com\/wp-content\/uploads\/comp14.jpg\"><img loading=\"lazy\" decoding=\"async\" class=\"alignleft size-thumbnail wp-image-1399\" src=\"http:\/\/auro-cuines.com\/wp-content\/uploads\/comp14-200x200.jpg\" alt=\"\" width=\"200\" height=\"200\" \/><\/a> <a href=\"http:\/\/auro-cuines.com\/wp-content\/uploads\/comp5.jpg\"><img loading=\"lazy\" decoding=\"async\" class=\"alignleft size-thumbnail wp-image-1400\" src=\"http:\/\/auro-cuines.com\/wp-content\/uploads\/comp5-200x200.jpg\" alt=\"\" width=\"200\" height=\"200\" \/><\/a> <a href=\"http:\/\/auro-cuines.com\/wp-content\/uploads\/comp7.jpg\"><img loading=\"lazy\" decoding=\"async\" class=\"alignleft size-thumbnail wp-image-1392\" src=\"http:\/\/auro-cuines.com\/wp-content\/uploads\/comp7-200x200.jpg\" alt=\"\" width=\"200\" height=\"200\" \/><\/a> <a href=\"http:\/\/auro-cuines.com\/wp-content\/uploads\/comp6.jpg\"><img loading=\"lazy\" decoding=\"async\" class=\"alignleft size-thumbnail wp-image-1391\" src=\"http:\/\/auro-cuines.com\/wp-content\/uploads\/comp6-200x200.jpg\" alt=\"\" width=\"200\" height=\"200\" \/><\/a> <a href=\"http:\/\/auro-cuines.com\/wp-content\/uploads\/comp4.jpg\"><img loading=\"lazy\" decoding=\"async\" class=\"alignleft size-thumbnail wp-image-1390\" src=\"http:\/\/auro-cuines.com\/wp-content\/uploads\/comp4-200x200.jpg\" alt=\"\" width=\"200\" height=\"200\" \/><\/a> <a href=\"http:\/\/auro-cuines.com\/wp-content\/uploads\/comp3.jpg\"><img loading=\"lazy\" decoding=\"async\" class=\"alignleft size-thumbnail wp-image-1389\" src=\"http:\/\/auro-cuines.com\/wp-content\/uploads\/comp3-200x200.jpg\" alt=\"\" width=\"200\" height=\"200\" \/><\/a> <a href=\"http:\/\/auro-cuines.com\/wp-content\/uploads\/comp2.jpg\"><img loading=\"lazy\" decoding=\"async\" class=\"alignleft size-thumbnail wp-image-1388\" src=\"http:\/\/auro-cuines.com\/wp-content\/uploads\/comp2-200x200.jpg\" alt=\"\" width=\"200\" height=\"200\" \/><\/a>\n<\/div>\n<div class=\"capita\"><a href=\"\/contacto\/\" onclick=\"gtag('event', 'A_pagina_Contacto');\" class=\"botoncito\">vull un projecte Aur\u00f3<\/a><\/div>\n<p><\/p>\n<div class='clear '><\/div><\/div>","protected":false},"excerpt":{"rendered":"<p>El model Complex es caracteritza per les seves portes d&rsquo;&agrave;nima tecnol&ograve;gica en alumini, combinada amb folre en porcel&agrave;nic de 6 mm. En aquest cas s&rsquo;ha utilitzat alumini lacat en color negre i Porcel&aacute;nico color Calatorao de la Marca Neolith. Els interiors, sempre en acer inoxidable, transmeten alta gamma i luxe per a la nostra marca [&hellip;]<\/p>\n","protected":false},"author":1,"featured_media":1613,"parent":0,"menu_order":0,"comment_status":"closed","ping_status":"closed","template":"","meta":{"_genesis_hide_title":false,"_genesis_hide_breadcrumbs":false,"_genesis_hide_singular_image":false,"_genesis_hide_footer_widgets":false,"_genesis_custom_body_class":"","_genesis_custom_post_class":"","_genesis_layout":"","footnotes":""},"class_list":{"0":"post-1403","1":"page","2":"type-page","3":"status-publish","4":"has-post-thumbnail","6":"entry"},"aioseo_notices":[],"_links":{"self":[{"href":"https:\/\/auro-cuines.com\/ca\/wp-json\/wp\/v2\/pages\/1403","targetHints":{"allow":["GET"]}}],"collection":[{"href":"https:\/\/auro-cuines.com\/ca\/wp-json\/wp\/v2\/pages"}],"about":[{"href":"https:\/\/auro-cuines.com\/ca\/wp-json\/wp\/v2\/types\/page"}],"author":[{"embeddable":true,"href":"https:\/\/auro-cuines.com\/ca\/wp-json\/wp\/v2\/users\/1"}],"replies":[{"embeddable":true,"href":"https:\/\/auro-cuines.com\/ca\/wp-json\/wp\/v2\/comments?post=1403"}],"version-history":[{"count":8,"href":"https:\/\/auro-cuines.com\/ca\/wp-json\/wp\/v2\/pages\/1403\/revisions"}],"predecessor-version":[{"id":1714,"href":"https:\/\/auro-cuines.com\/ca\/wp-json\/wp\/v2\/pages\/1403\/revisions\/1714"}],"wp:featuredmedia":[{"embeddable":true,"href":"https:\/\/auro-cuines.com\/ca\/wp-json\/wp\/v2\/media\/1613"}],"wp:attachment":[{"href":"https:\/\/auro-cuines.com\/ca\/wp-json\/wp\/v2\/media?parent=1403"}],"curies":[{"name":"wp","href":"https:\/\/api.w.org\/{rel}","templated":true}]}}